{"id":862,"date":"2011-09-23T15:15:41","date_gmt":"2011-09-23T15:15:41","guid":{"rendered":"http:\/\/rttheme16.templatemints.com\/?page_id=5"},"modified":"2026-04-02T03:55:14","modified_gmt":"2026-04-02T03:55:14","slug":"about-us","status":"publish","type":"page","link":"https:\/\/thoughtlabs.in\/","title":{"rendered":"Apologue"},"content":{"rendered":"<p><em><strong>Our Philosophy:<\/strong><\/em> Discover the niche need, Visualize the problem and Invent a cutting edge yet simplest solution.<\/p>\n<p>At <em><strong>ThoughtLabs<\/strong><\/em> we follow technology; but respect the simplicity. We strive to create a \u2018One for All\u2019 solution to meet the expectations of each &amp; every end user. The user\u2019s experience itself speaks the value of our customized &amp; flexible offerings. We are focused in the growing education domain in India.<\/p>\n<p>We at <em><strong>ThoughtLabs<\/strong><\/em>; are creating an Ecosystem viz. student, faculty, alumni and institute all will be served with the simplest and value driven products and services. The \u2018Collaborative Model\u2019 will give user an option to be a contributor rather than just a consumer. We endeavor our efforts to bring an ecosystem where creating knowledge, sharing it and interacting with each other becomes an integral part of it.<\/p>\n<p><em><strong>ThoughtLabs<\/strong><\/em> provides web-based student management software for educational institutions. Our alumni management products help Professionals institutes to maintain valuable relationships with past students. <em><strong>CollegeKhabar<\/strong><\/em> is a platform developed to cater ever growing need of students to communicate with each other for career decision and remain updated with all latest happening in similar circuits.<\/p>\n<p>The young &amp; experiential team along-with highly experienced &amp; diverse advisory creates a dynamic environment to approach the problem with multitudinous acumen and invent the simplest solution.<\/p>\n<div style=\"position: absolute; left: -9966px;\">\n<p><a href=\"https:\/\/www.mostbets-bahis-turkiye.com\/\">Mostbet<\/a> casino<\/p>\n<\/div>\n<div style=\"position: absolute; left: -9966px;\">\n<p>\u0421 <a href=\"https:\/\/baladmin.ru\/\">1\u0445\u0431\u0435\u0442<\/a> \u0443 \u0432\u0430\u0441 \u0435\u0441\u0442\u044c \u0434\u043e\u0441\u0442\u0443\u043f \u043a \u0440\u0430\u0437\u043b\u0438\u0447\u043d\u044b\u043c \u0438\u0433\u0440\u043e\u0432\u044b\u043c \u0430\u0432\u0442\u043e\u043c\u0430\u0442\u0430\u043c.<\/p>\n<\/div>\n<div style=\"position: absolute; left: -9966px;\">\n<p><a href=\"https:\/\/stjacobsmodelrailway.com\/\">Pinco<\/a>  online oyun ve bahis yapabilece\u011finiz yeni bir sitedir.<\/p>\n<\/div>\n<p>E\u011flenceli ve h\u0131zl\u0131 tempolu yap\u0131s\u0131yla <a href=\"https:\/\/mikeandmorley.com\/\">Aviator oyna<\/a>, kullan\u0131c\u0131lar\u0131n dikkatini k\u0131sa s\u00fcrede \u00e7eker.<\/p>\n<div style=\"position: absolute; left: -9966px;\">\n<p><a href=\"https:\/\/www.mpwhi.com\/\">1win<\/a> casino<\/p>\n<\/div>\n<div style=\"position: absolute; left: -9966px;\">\n<p><a href=\"https:\/\/app-egypt-1xbet.com\/\">1xbet<\/a> \u0644\u062f\u064a\u0647 \u062a\u0637\u0628\u064a\u0642 \u0633\u0647\u0644 \u0627\u0644\u0627\u0633\u062a\u062e\u062f\u0627\u0645 \u0644\u0644\u0647\u0648\u0627\u062a\u0641 \u0627\u0644\u0645\u062d\u0645\u0648\u0644\u0629.<\/p>\n<\/div>\n<p>Platforma <a href=\"https:\/\/przepisnaszycie.pl\/\">Mostbet<\/a> oferuje bardzo szeroki wyb\u00f3r zak\u0142ad\u00f3w sportowych, obejmuj\u0105cych zar\u00f3wno popularne, jak i niszowe dyscypliny.<\/p>\n<div style=\"position: absolute; left: -9966px;\">\n<p>\u0421 <a href=\"https:\/\/drkbrb.ru\/platnye-uslugi\/\/\">Mostbet<\/a> \u0432\u044b \u043c\u043e\u0436\u0435\u0442\u0435 \u0443\u0447\u0430\u0441\u0442\u0432\u043e\u0432\u0430\u0442\u044c \u0432 \u0442\u0443\u0440\u043d\u0438\u0440\u0430\u0445 \u0441 \u0431\u043e\u043b\u044c\u0448\u0438\u043c\u0438 \u043f\u0440\u0438\u0437\u0430\u043c\u0438.<\/p>\n<\/div>\n<div style=\"position: absolute; left: -9966px;\">\n<p>Schnelle Auszahlung zeichnet gute <a href=\"https:\/\/papillononfront.com\/\">online casinos ohne oasis<\/a> aus.<\/p>\n<\/div>\n<div style=\"position: absolute; left: -9966px;\">\n<p><a href=\"https:\/\/threesistersofshineyrock.com\/\">Pinco<\/a> Casino T\u00fcrkiye 2025<\/p>\n<\/div>\n<div style=\"position: absolute; left: -9966px;\">\n<p>D\u00e9couvrez des jeux \u00e0 th\u00e8me exclusifs dans les <a href=\"https:\/\/entr2marches.com\/\">meilleurs casinos en ligne<\/a>.<\/p>\n<\/div>\n<div style=\"position: absolute; left: -9966px;\">\n<p><a href=\"https:\/\/www.awesomedataengineering.com\/\">pin up<\/a> Kazino r\u0259smi sayt\u0131<\/p>\n<\/div>\n<div style=\"position: absolute; left: -9966px;\">\n<p>\u0412 <a href=\"https:\/\/lip2.ru\/sports\/judo\">\u041a\u0435\u043d\u0442 \u043a\u0430\u0437\u0438\u043d\u043e<\/a> \u043c\u043e\u0436\u043d\u043e \u043d\u0430\u0439\u0442\u0438 \u0438\u0433\u0440\u044b \u043e\u0442 \u0432\u0435\u0434\u0443\u0449\u0438\u0445 \u043c\u0438\u0440\u043e\u0432\u044b\u0445 \u043f\u0440\u043e\u0432\u0430\u0439\u0434\u0435\u0440\u043e\u0432.<\/p>\n<\/div>\n<div style=\"position: absolute; left: -9966px;\">\u0412 <a href=\"https:\/\/ooffmo.ru\/\">1Win<\/a> \u0435\u0441\u0442\u044c \u0440\u0430\u0437\u0434\u0435\u043b \u0441 \u043f\u0440\u043e\u0433\u043d\u043e\u0437\u0430\u043c\u0438 \u043e\u0442 \u044d\u043a\u0441\u043f\u0435\u0440\u0442\u043e\u0432. \u0418\u0437\u0443\u0447\u0430\u0439\u0442\u0435 \u043c\u043d\u0435\u043d\u0438\u044f \u043f\u0440\u043e\u0444\u0435\u0441\u0441\u0438\u043e\u043d\u0430\u043b\u043e\u0432 \u0438 \u043f\u0440\u0438\u043d\u0438\u043c\u0430\u0439\u0442\u0435 \u0432\u0437\u0432\u0435\u0448\u0435\u043d\u043d\u044b\u0435 \u0440\u0435\u0448\u0435\u043d\u0438\u044f. \u042d\u0442\u043e \u043f\u043e\u043c\u043e\u0436\u0435\u0442 \u0443\u0432\u0435\u043b\u0438\u0447\u0438\u0442\u044c \u0432\u0430\u0448\u0438 \u0448\u0430\u043d\u0441\u044b \u043d\u0430 \u0443\u0441\u043f\u0435\u0445!<\/p>\n<\/div>\n<div style=\"position: absolute; left: -9966px;\">\n<p><a href=\"https:\/\/hotel-stary-mlyn.com\/\">Plinko Casino<\/a> CZ<\/p>\n<\/div>\n<div style=\"position: absolute; left: -9966px;\">\n<p>\u041c\u043d\u043e\u0436\u0435\u0441\u0442\u0432\u043e \u0442\u0435\u043c\u0430\u0442\u0438\u0447\u0435\u0441\u043a\u0438\u0445 \u0441\u043b\u043e\u0442\u043e\u0432 \u0434\u0435\u043b\u0430\u044e\u0442 <a href=\"https:\/\/rb1rm.ru\/\">\u041f\u0438\u043d\u043a\u043e \u043a\u0430\u0437\u0438\u043d\u043e<\/a> \u0440\u0430\u0437\u043d\u043e\u043e\u0431\u0440\u0430\u0437\u043d\u044b\u043c \u0438 \u0438\u043d\u0442\u0435\u0440\u0435\u0441\u043d\u044b\u043c.<\/p>\n<\/div>\n<div style=\"position: absolute; left: -9966px;\">\n<p>\u0421 <a href=\"https:\/\/polisaevo.ru\/\">1xbet<\/a> \u0432\u044b \u043c\u043e\u0436\u0435\u0442\u0435 \u0443\u0447\u0430\u0441\u0442\u0432\u043e\u0432\u0430\u0442\u044c \u0432 \u0442\u0443\u0440\u043d\u0438\u0440\u0430\u0445 \u0441\u043b\u043e\u0442\u043e\u0432 \u0441 \u0431\u043e\u043b\u044c\u0448\u0438\u043c\u0438 \u043f\u0440\u0438\u0437\u0430\u043c\u0438.<\/p>\n<\/div>\n<div style=\"position: absolute; left: -9966px;\">\n<p><a href=\"https:\/\/www.brooklynbarmenus.com\/\">pin up<\/a> Az\u0259rbaycanda R\u0259smi Kazino Sayt\u0131na<\/p>\n<\/div>\n<div style=\"position: absolute; left: -9966px;\">\n<p>Canl? m?rc ucun stabil platforma axtar?rsansa, <a href=\"https:\/\/pin-up-az-casino-online.com\/\">Pin Up<\/a> ?n yaxs? variantd?r.<\/p>\n<\/div>\n<div style=\"position: absolute; left: -9966px;\">\n<p><a href=\"https:\/\/www.hepjazz.com\/\">Mostbet casino<\/a><\/p>\n<\/div>\n<div style=\"position: absolute; left: -9966px;\">\n<p>\u0421\u0438\u0441\u0442\u0435\u043c\u0430 \u043d\u0430\u0433\u0440\u0430\u0434 \u0432 <a href=\"https:\/\/school-azamatov.ru\/ru-2\/\">\u041f\u0438\u043d\u043a\u043e \u043a\u0430\u0437\u0438\u043d\u043e<\/a> \u043c\u043e\u0442\u0438\u0432\u0438\u0440\u0443\u0435\u0442 \u0438\u0433\u0440\u043e\u043a\u043e\u0432.<\/p>\n<\/div>\n<div style=\"position: absolute; left: -9966px;\">\n<p><a href=\"https:\/\/dopdfwn.com\/\">1xbet<\/a> \u0644\u062f\u064a\u0647 \u062a\u0637\u0628\u064a\u0642 \u0633\u0647\u0644 \u0627\u0644\u0627\u0633\u062a\u062e\u062f\u0627\u0645 \u0644\u0644\u0647\u0648\u0627\u062a\u0641 \u0627\u0644\u0645\u062d\u0645\u0648\u0644\u0629.<\/p>\n<\/div>\n<div style=\"position: absolute; left: -9966px;\">\n<p>\u042d\u043a\u0441\u043a\u043b\u044e\u0437\u0438\u0432\u043d\u044b\u0435 \u0442\u0443\u0440\u043d\u0438\u0440\u044b \u0434\u0430\u044e\u0442 \u0448\u0430\u043d\u0441 \u0432\u044b\u0438\u0433\u0440\u0430\u0442\u044c \u0446\u0435\u043d\u043d\u044b\u0435 \u043f\u0440\u0438\u0437\u044b \u0432 <a href=\"https:\/\/pkrest.ru\/\">\u041f\u0438\u043d\u043a\u043e \u043a\u0430\u0437\u0438\u043d\u043e<\/a>.<\/p>\n<\/div>\n<div style=\"position: absolute; left: -9966px;\">\n<p>The website of <a href=\"https:\/\/glory-casino.animalcityinc.com\/\">Glory Casino<\/a> loads fast even on slower networks.<\/p>\n<\/div>\n<div style=\"position: absolute; left: -9966px;\">\n<p>\u062a\u062f\u0639\u0645 \u0645\u0646\u0635\u0629 <a href=\"https:\/\/onexbet-egypt.com\/\">1xbet<\/a> \u0645\u062a\u0627\u0628\u0639\u0629 \u0627\u0644\u0623\u062d\u062f\u0627\u062b \u0627\u0644\u0631\u064a\u0627\u0636\u064a\u0629 \u0627\u0644\u0643\u0628\u0631\u0649.<\/p>\n<\/div>\n<div style=\"position: absolute; left: -9966px;\">\n<p><a href=\"https:\/\/yourlawyer.kz\/\">\u043f\u0438\u043d \u0430\u043f<\/a> \u043a\u0430\u0437\u0438\u043d\u043e<\/p>\n<\/div>\n<div style=\"position: absolute; left: -9966px;\">\n<p>Med <a href=\"https:\/\/thevintagehausfrau.dk\/\">casino uden rofus<\/a> undg\u00e5r du ventetid. Alt fungerer gnidningsfrit.<\/p>\n<\/div>\n<div style=\"position: absolute; left: -9966px;\">\n<p><a href=\"https:\/\/saut.kz\/\">\u041f\u0438\u043d \u0430\u043f<\/a> \u043a\u0430\u0437\u0438\u043d\u043e \u041a\u0430\u0437\u0430\u0445\u0441\u0442\u0430\u043d<\/p>\n<\/div>\n<div style=\"position: absolute; left: -9966px;\">\n<p>Le piattaforme moderne includono i <a href=\"https:\/\/mcgoldricksthread.com\/\">casino senza deposito stranieri non AAMS<\/a> tra le opzioni pi\u00f9 richieste.<\/p>\n<\/div>\n<div style=\"position: absolute; left: -9966px;\">\n<p>Med <a href=\"http:\/\/roedbykirkerne.dk\/\">online casino uden rofus<\/a> er det nemt at komme i gang. Processen er hurtig og enkel.<\/p>\n<\/div>\n<div style=\"position: absolute; left: -9966px;\">\n<p><a href=\"http:\/\/sushione.dk\/\">casino uden om rofus<\/a> giver mere frihed og kontrol. Det er attraktivt for mange.<\/p>\n<\/div>\n<div style=\"position: absolute; left: -9966px;\">\n<p>L\u00e4s mer om <a href=\"https:\/\/maximteatern.com\/\">casino sverige<\/a> \u2014 uppdaterad dagligen.<\/p>\n<\/div>\n<div style=\"position: absolute; left: -9966px;\">\n<p>Android istifad\u0259\u00e7il\u0259ri <a href=\"https:\/\/hampshirekitesurfing.com\/\">Pin Up<\/a> yukle il\u0259 ba\u015flay\u0131r.<\/p>\n<\/div>\n<div style=\"position: absolute; left: -9966px;\">\n<p>Gli utenti esperti preferiscono la <a href=\"https:\/\/lartedelberee.it\/\">Plinko XY app<\/a> per vincite costanti e rapide.<\/p>\n<\/div>\n<div style=\"position: absolute; left: -9966px;\">\n<p>Le promozioni stagionali pongono i <a href=\"https:\/\/kremelife.com\/\">casino non AAMS che accettano Postepay<\/a> in evidenza.<\/p>\n<\/div>\n<div style=\"position: absolute; left: -9966px;\">\n<p><a href=\"https:\/\/schultclassic.com\/\">pin up<\/a> casino<\/p>\n<\/div>\n<div style=\"position: absolute; left: -9966px;\">\n<p>Every spin at <a href=\"https:\/\/sfsomba.org\/\">Glory Casino Bangladesh<\/a> brings players closer to exclusive rewards and jackpots.<\/p>\n<\/div>\n<div style=\"position: absolute; left: -9966px;\">\n<p>Guide: <a href=\"https:\/\/badcinderellabroadway.com\/\">casino utan spelpaus<\/a> med NetEnt, Play\u2019n GO och fler.<\/p>\n<\/div>\n<div style=\"position: absolute; left: -9966px;\">\u0415\u0441\u043b\u0438 \u043e\u0441\u043d\u043e\u0432\u043d\u043e\u0439 \u0441\u0430\u0439\u0442 \u043d\u0435\u0434\u043e\u0441\u0442\u0443\u043f\u0435\u043d, \u0432\u043e\u0441\u043f\u043e\u043b\u044c\u0437\u0443\u0439\u0442\u0435\u0441\u044c <a href=\"https:\/\/spu-penza.ru\/\">1win \u0437\u0435\u0440\u043a\u0430\u043b\u043e<\/a>. \u042d\u0442\u043e\u0442 \u0441\u043f\u043e\u0441\u043e\u0431 \u043f\u043e\u0437\u0432\u043e\u043b\u0438\u0442 \u0432\u0430\u043c \u0437\u0430\u0439\u0442\u0438 \u043d\u0430 \u043f\u043b\u0430\u0442\u0444\u043e\u0440\u043c\u0443 \u0431\u0435\u0437 \u0437\u0430\u0434\u0435\u0440\u0436\u0435\u043a. \u0414\u0435\u043b\u0430\u0439\u0442\u0435 \u0441\u0442\u0430\u0432\u043a\u0438 \u0432 \u043b\u044e\u0431\u043e\u0435 \u0443\u0434\u043e\u0431\u043d\u043e\u0435 \u0432\u0440\u0435\u043c\u044f!<\/p>\n<\/div>\n<div style=\"position: absolute; left: -9966px;\">\n<p>Con streaming live, il <a href=\"https:\/\/fipavmolise.it\/\">Pine of Plinko 2<\/a> appare pi\u00f9 realistico.<\/p>\n<\/div>\n<div style=\"position: absolute; left: -9966px;\">\n<p><a href=\"https:\/\/filmnewforest.com\/\">pin-up casino<\/a><\/p>\n<\/div>\n<div style=\"position: absolute; left: -9966px;\">\n<p>Entra nei <a href=\"https:\/\/fermiliceobrindisi.it\/\">casino on line non AAMS<\/a> e vivi l&#8217;emozione del gioco, direttamente dal tuo PC.<\/p>\n<\/div>\n<div style=\"position: absolute; left: -9966px;\">\n<p><a href=\"https:\/\/schultclassic.com\/\">pin up<\/a> casino<\/p>\n<\/div>\n<div style=\"position: absolute; left: -9966px;\">\n<p><a href=\"https:\/\/prepod.uz\/\">Mostbet UZ<\/a> da har bir o&#8217;yinchi uchun qulay va xavfsiz tikish imkoniyatlari mavjud.<\/p>\n<\/div>\n<div style=\"position: absolute; left: -9966px;\">\n<p>Bu gun boyuk qazanclar mumkundur \u2014 <a href=\"https:\/\/hazzardcountycr.com\/\">Mostbet<\/a> kazinoda oyna!<\/p>\n<\/div>\n<div style=\"position: absolute; left: -9966px;\">\n<p>Der Spielkatalog im <a href=\"https:\/\/online-casinosschweiz.com\/\">Online Casino Schweiz<\/a> umfasst hunderte Titel.<\/p>\n<\/div>\n<div style=\"position: absolute; left: -9966px;\">\n<p><a href=\"https:\/\/coralfilm.com\/\">pin-up casino<\/a><\/p>\n<\/div>\n<div style=\"position: absolute; left: -9966px;\">\n<p><a href=\"https:\/\/www.whiterabbittruck.com\/\">pin up<\/a> casino r\u0259smi sayt\u0131<\/p>\n<\/div>\n<div style=\"position: absolute; left: -9966px;\">\n<p>F\u00e5 casinoaction direkte i stuen med <a href=\"https:\/\/wwwglitchspin.com\/da\/\">glitchspin<\/a>!<\/p>\n<\/div>\n<div style=\"position: absolute; left: -9966px;\">\n<p>Con sessioni veloci, il <a href=\"https:\/\/schokohimmel.com\/\">Plinko 1000<\/a> si adatta a ogni stile.<\/p>\n<\/div>","protected":false},"excerpt":{"rendered":"<p>Our Philosophy: Discover the niche need, Visualize the problem and Invent a cutting edge yet simplest solution. At ThoughtLabs we follow technology; but respect the simplicity. We strive to create a \u2018One for All\u2019 solution to meet the expectations of each &amp; every end user. The user\u2019s experience itself speaks the value of our customized [&hellip;]<\/p>\n","protected":false},"author":1,"featured_media":0,"parent":0,"menu_order":0,"comment_status":"open","ping_status":"open","template":"","meta":{"footnotes":""},"class_list":["post-862","page","type-page","status-publish","hentry"],"_links":{"self":[{"href":"https:\/\/thoughtlabs.in\/index.php?rest_route=\/wp\/v2\/pages\/862"}],"collection":[{"href":"https:\/\/thoughtlabs.in\/index.php?rest_route=\/wp\/v2\/pages"}],"about":[{"href":"https:\/\/thoughtlabs.in\/index.php?rest_route=\/wp\/v2\/types\/page"}],"author":[{"embeddable":true,"href":"https:\/\/thoughtlabs.in\/index.php?rest_route=\/wp\/v2\/users\/1"}],"replies":[{"embeddable":true,"href":"https:\/\/thoughtlabs.in\/index.php?rest_route=%2Fwp%2Fv2%2Fcomments&post=862"}],"version-history":[{"count":55,"href":"https:\/\/thoughtlabs.in\/index.php?rest_route=\/wp\/v2\/pages\/862\/revisions"}],"predecessor-version":[{"id":16339,"href":"https:\/\/thoughtlabs.in\/index.php?rest_route=\/wp\/v2\/pages\/862\/revisions\/16339"}],"wp:attachment":[{"href":"https:\/\/thoughtlabs.in\/index.php?rest_route=%2Fwp%2Fv2%2Fmedia&parent=862"}],"curies":[{"name":"wp","href":"https:\/\/api.w.org\/{rel}","templated":true}]}}